{"id":107,"date":"2024-12-26T10:29:04","date_gmt":"2024-12-26T10:29:04","guid":{"rendered":"http:\/\/borashispanoamerica.se\/about\/"},"modified":"2026-01-19T09:50:25","modified_gmt":"2026-01-19T09:50:25","slug":"membresia","status":"publish","type":"page","link":"https:\/\/borashispanoamerica.se\/sv\/membresia\/","title":{"rendered":"Medelskap"},"content":{"rendered":"<div class=\"wp-block-uagb-container uagb-block-8de9c239 alignfull uagb-is-root-container\"><div class=\"uagb-container-inner-blocks-wrap\">\n<div class=\"wp-block-uagb-advanced-heading uagb-block-99148d6e\"><h1 class=\"uagb-heading-text\">Medelskap<\/h1><\/div>\n<\/div><\/div>\n\n\n\n<div class=\"wp-block-uagb-container uagb-block-c1107f9e alignfull uagb-is-root-container\"><div class=\"uagb-container-inner-blocks-wrap\">\n<div class=\"wp-block-uagb-image uagb-block-c87c2e84 wp-block-uagb-image--layout-default wp-block-uagb-image--effect-static wp-block-uagb-image--align-none\"><figure class=\"wp-block-uagb-image__figure\"><img decoding=\"async\" srcset=\"https:\/\/borashispanoamerica.se\/wp-content\/uploads\/2025\/01\/DALL\u00b7E-2025-01-07-13.07.15-Una-imagen-calida-y-acogedora-que-promociona-la-suscripcion-de-membresia-a-una-asociacion-sin-fines-de-lucro-de-personas-amigables.-La-escena-muestra-.webp ,https:\/\/borashispanoamerica.se\/wp-content\/uploads\/2025\/01\/DALL\u00b7E-2025-01-07-13.07.15-Una-imagen-calida-y-acogedora-que-promociona-la-suscripcion-de-membresia-a-una-asociacion-sin-fines-de-lucro-de-personas-amigables.-La-escena-muestra-.webp 780w, https:\/\/borashispanoamerica.se\/wp-content\/uploads\/2025\/01\/DALL\u00b7E-2025-01-07-13.07.15-Una-imagen-calida-y-acogedora-que-promociona-la-suscripcion-de-membresia-a-una-asociacion-sin-fines-de-lucro-de-personas-amigables.-La-escena-muestra-.webp 360w\" sizes=\"auto, (max-width: 480px) 150px\" src=\"https:\/\/borashispanoamerica.se\/wp-content\/uploads\/2025\/01\/DALL\u00b7E-2025-01-07-13.07.15-Una-imagen-calida-y-acogedora-que-promociona-la-suscripcion-de-membresia-a-una-asociacion-sin-fines-de-lucro-de-personas-amigables.-La-escena-muestra-.webp\" alt=\"\" class=\"uag-image-903\" width=\"530\" height=\"395\" title=\"DALL\u00b7E 2025-01-07 13.07.15 - Una imagen ca\u0301lida y acogedora que promociona la suscripcio\u0301n de membresi\u0301a a una asociacio\u0301n sin fines de lucro de personas amigables. La escena muestra\" loading=\"lazy\" role=\"img\"\/><\/figure><\/div>\n\n\n\n<div class=\"wp-block-uagb-info-box uagb-block-fc0d3afc uagb-infobox__content-wrap  uagb-infobox-icon-above-title uagb-infobox-image-valign-top\"><div class=\"uagb-ifb-content\"><div class=\"uagb-ifb-title-wrap\"><h2 class=\"uagb-ifb-title\">OM MEDLEMSKAP<\/h2><\/div><p class=\"uagb-ifb-desc\">- F\u00f6r att bli medlem m\u00e5ste du fylla i f\u00f6ljande formul\u00e4r med tillh\u00f6rande avgifter.<br>- Avgiften betalas en g\u00e5ng per \u00e5r (1 januari till och med 31 december).\u00a0<br>- Stadgarna finns i detta dokument\u00a0<a href=\"https:\/\/borashispanoamerica.se\/sv\/estatutos\/\" target=\"_blank\" rel=\"noopener\" title=\"Stadgar\">h\u00e4r<\/a>, vi rekommenderar att du l\u00e4ser igenom dem och f\u00f6rbinder dig att f\u00f6lja f\u00f6reningens regler.<br><\/p><\/div><\/div>\n<\/div><\/div>\n\n\n\n<div class=\"wp-block-columns is-layout-flex wp-container-core-columns-is-layout-28f84493 wp-block-columns-is-layout-flex\">\n<div class=\"wp-block-column is-layout-flow wp-block-column-is-layout-flow\" style=\"flex-basis:100%\">\n<div class=\"wp-block-uagb-container uagb-block-b38ee381 alignfull uagb-is-root-container\"><div class=\"uagb-container-inner-blocks-wrap\">\n<div class=\"wp-block-columns is-layout-flex wp-container-core-columns-is-layout-28f84493 wp-block-columns-is-layout-flex\">\n<div class=\"wp-block-column is-layout-flow wp-block-column-is-layout-flow\">\n<h2 class=\"wp-block-heading has-text-align-center\">\u00c5rlig r\u00e4nta<\/h2>\n<\/div>\n<\/div>\n<\/div><\/div>\n\n\n\n<div class=\"wp-block-columns is-layout-flex wp-container-core-columns-is-layout-28f84493 wp-block-columns-is-layout-flex\">\n<div class=\"wp-block-column is-layout-flow wp-block-column-is-layout-flow\">\n<p>Per vuxen (fr\u00e5n 18 \u00e5rs \u00e5lder)&nbsp;<\/p>\n\n\n\n<p>Per barn (fr\u00e5n 6 till 17 \u00e5r)<\/p>\n\n\n\n<p><em>F\u00f6reningens medel anv\u00e4nds f\u00f6r att k\u00f6pa material till de aktiviteter som planeras under \u00e5ret.<\/em><\/p>\n<\/div>\n\n\n\n<div class=\"wp-block-column is-layout-flow wp-block-column-is-layout-flow\">\n<p class=\"has-text-align-center\">200kr<\/p>\n\n\n\n<p class=\"has-text-align-center\">100kr<\/p>\n<\/div>\n<\/div>\n<\/div>\n<\/div>\n\n\n\n<div class=\"wp-block-uagb-container uagb-block-91edc391 alignfull uagb-is-root-container\"><div class=\"uagb-container-inner-blocks-wrap\">\n<h2 class=\"wp-block-heading has-text-align-center\">Betalningspolicy<\/h2>\n\n\n\n<ul class=\"wp-block-list\">\n<li>Betala i en eller tv\u00e5 delbetalningar (valfritt)<\/li>\n\n\n\n<li>Avgiften ska betalas i sin helhet, oavsett n\u00e4r medlemmarna ansluter sig, och g\u00e4ller i ett \u00e5r.<\/li>\n\n\n\n<li>Alla betalningar ska g\u00f6ras till Asociaci\u00f3n Hispanoamericana de Bor\u00e5s bankkonto.<\/li>\n\n\n\n<li>Medlemsavgiften betalas \u00e5rligen. F\u00f6r medlemmar som ansluter sig under oktober m\u00e5nad g\u00e4ller medlemskapet till och med oktober \u00e5ret d\u00e4rp\u00e5.<\/li>\n\n\n\n<li>Evenemang som \u00e4r reserverade f\u00f6r medlemmar ska tydligt markeras som s\u00e5dana i all kommunikation. Personer som inte \u00e4r medlemmar men \u00f6nskar delta m\u00e5ste f\u00f6rst erl\u00e4gga medlemsavgiften f\u00f6r att bli medlemmar samt betala eventuell aktivitetsavgift.<\/li>\n\n\n\n<li>Det \u00e4r till\u00e5tet att bjuda in personer utanf\u00f6r f\u00f6reningen f\u00f6r att leda aktiviteter, exempelvis matlagningskurser. Dessa personer beh\u00f6ver inte betala medlems- eller aktivitetsavgift.<\/li>\n\n\n\n<li>Aktivitetsledare ska vara medlemmar i f\u00f6reningen och betalar aktivitetsavgiften p\u00e5 samma villkor som \u00f6vriga deltagare.<\/li>\n\n\n\n<li>Friplatser kan ges till v\u00e4nner eller familjemedlemmar till medlemmar som \u00e4r bes\u00f6kare, samt till familjemedlemmar till externa aktivitetsledare. Friplatsen inneb\u00e4r att dessa personer inte beh\u00f6ver betala medlemsavgiften, men betalar den ordinarie aktivitetsavgiften. Undantag fr\u00e5n dessa regler ska godk\u00e4nnas av aktivitetskommitt\u00e9n och ansvarig aktivitetsledare.<\/li>\n\n\n\n<li>Friplatser ges endast till v\u00e4nner eller familjemedlemmar till f\u00f6reningens medlemmar som \u00e4r \u201dbes\u00f6kare\u201d, samt till familjemedlemmar till personer som, utan att vara medlemmar i f\u00f6reningen, h\u00e5ller i en workshop. Friplatsen inneb\u00e4r att dessa personer inte beh\u00f6ver betala den \u00e5rliga medlemsavgiften, men v\u00e4l avgiften f\u00f6r att delta i aktiviteten. Eventuella undantag fr\u00e5n denna regel ska godk\u00e4nnas av aktivitetskommitt\u00e9n och ledaren f\u00f6r aktiviteten.<\/li>\n\n\n\n<li>Inga \u00e5terbetalningar g\u00f6rs efter att betalning har mottagits f\u00f6r medlemskap eller aktiviteter.<\/li>\n\n\n\n<li>F\u00f6reningen \u00e4r en ideell organisation. Alla int\u00e4kter fr\u00e5n aktiviteter anv\u00e4nds f\u00f6r att t\u00e4cka kostnaderna f\u00f6r dessa samt f\u00f6r att tillhandah\u00e5lla resurser f\u00f6r medlemmar under aktiviteter.<\/li>\n\n\n\n<li><\/li>\n<\/ul>\n\n\n\n<p class=\"has-text-align-right\"><em>*Dessa policyer g\u00e4ller fr\u00e5n och med \u00e5r 2025.&nbsp;<\/em><\/p>\n\n\n\n<div class=\"wp-block-columns is-layout-flex wp-container-core-columns-is-layout-28f84493 wp-block-columns-is-layout-flex\">\n<div class=\"wp-block-column is-layout-flow wp-block-column-is-layout-flow\">\n<p><strong>Bor\u00e5s Hispanoamericana Org.nr<\/strong>: 802509-2324<br><strong><br>Kontonummer:<\/strong>&nbsp;Sparbanken Sjuh\u00e4rad\u00a0 8032-5 4326 419-1<\/p>\n\n\n\n<p><strong>Bankgiro:<\/strong>&nbsp;823-2787<\/p>\n\n\n\n<p><strong>Swish<\/strong>: 123-157 45 57\u00a0\u00a0( + 2 kr som \u00e4r bankens avgift)&nbsp;<\/p>\n\n\n\n<p>N\u00e4r din betalning har registrerats kommer du att f\u00e5 en bekr\u00e4ftelse\/ett kvitto fr\u00e5n oss.<\/p>\n<\/div>\n\n\n\n<div class=\"wp-block-column is-layout-flow wp-block-column-is-layout-flow\">\n<div class=\"wp-block-uagb-image uagb-block-65382c6d wp-block-uagb-image--layout-default wp-block-uagb-image--effect-static wp-block-uagb-image--align-none\"><figure class=\"wp-block-uagb-image__figure\"><img decoding=\"async\" srcset=\"https:\/\/borashispanoamerica.se\/wp-content\/uploads\/2025\/08\/QR-SWISH-2-904x1024.webp ,https:\/\/borashispanoamerica.se\/wp-content\/uploads\/2025\/08\/QR-SWISH-2.webp 780w, https:\/\/borashispanoamerica.se\/wp-content\/uploads\/2025\/08\/QR-SWISH-2.webp 360w\" sizes=\"auto, (max-width: 480px) 150px\" src=\"https:\/\/borashispanoamerica.se\/wp-content\/uploads\/2025\/08\/QR-SWISH-2-904x1024.webp\" alt=\"\" class=\"uag-image-974\" width=\"904\" height=\"1024\" title=\"QR SWISH -2\" loading=\"lazy\" role=\"img\"\/><\/figure><\/div>\n<\/div>\n<\/div>\n<\/div><\/div>\n\n\n\n<div style=\"height:var(--wp--preset--spacing--80)\" aria-hidden=\"true\" class=\"wp-block-spacer\"><\/div>\n\n\n\n<div class=\"wp-block-uagb-container uagb-block-ddc22abd alignfull uagb-is-root-container\"><div class=\"uagb-container-inner-blocks-wrap\">\n<div class=\"wp-block-columns is-layout-flex wp-container-core-columns-is-layout-28f84493 wp-block-columns-is-layout-flex\">\n<div class=\"wp-block-column is-layout-flow wp-block-column-is-layout-flow\">\n<h2 class=\"wp-block-heading\">Medlemsans\u00f6kningsformul\u00e4r<\/h2>\n\n\n\n<p><code>\n<div class=\"wpcf7 no-js\" id=\"wpcf7-f958-o1\" lang=\"es-MX\" dir=\"ltr\" data-wpcf7-id=\"958\">\n<div class=\"screen-reader-response\"><p role=\"status\" aria-live=\"polite\" aria-atomic=\"true\"><\/p> <ul><\/ul><\/div>\n<form action=\"\/sv\/wp-json\/wp\/v2\/pages\/107#wpcf7-f958-o1\" method=\"post\" class=\"wpcf7-form init\" aria-label=\"Formulario de contacto\" enctype=\"multipart\/form-data\" novalidate=\"novalidate\" data-status=\"init\" data-trp-original-action=\"\/sv\/wp-json\/wp\/v2\/pages\/107#wpcf7-f958-o1\">\n<div style=\"display: none;\">\n<input type=\"hidden\" name=\"_wpcf7\" value=\"958\" \/>\n<input type=\"hidden\" name=\"_wpcf7_version\" value=\"6.0.6\" \/>\n<input type=\"hidden\" name=\"_wpcf7_locale\" value=\"es_MX\" \/>\n<input type=\"hidden\" name=\"_wpcf7_unit_tag\" value=\"wpcf7-f958-o1\" \/>\n<input type=\"hidden\" name=\"_wpcf7_container_post\" value=\"0\" \/>\n<input type=\"hidden\" name=\"_wpcf7_posted_data_hash\" value=\"\" \/>\n<input type=\"hidden\" name=\"_wpcf7_recaptcha_response\" value=\"\" \/>\n<\/div>\n<p><label> Namn och eftenamn \/ Nombre y apellido<br \/>\n<span class=\"wpcf7-form-control-wrap\" data-name=\"your-name\"><input size=\"40\" maxlength=\"400\" class=\"wpcf7-form-control wpcf7-text wpcf7-validates-as-required\" aria-required=\"true\" aria-invalid=\"false\" value=\"\" type=\"text\" name=\"your-name\" \/><\/span> <\/label>\n<\/p>\n<p><label> Personnummer\/ N\u00fameros personales<br \/>\n<span class=\"wpcf7-form-control-wrap\" data-name=\"your-personnummer\"><input size=\"40\" maxlength=\"400\" class=\"wpcf7-form-control wpcf7-text wpcf7-validates-as-required\" aria-required=\"true\" aria-invalid=\"false\" value=\"\" type=\"text\" name=\"your-personnummer\" \/><\/span> <\/label>\n<\/p>\n<p><label> Telefonnummer \/ N\u00famero de tel\u00e9fono<br \/>\n<span class=\"wpcf7-form-control-wrap\" data-name=\"your-telefonnummer\"><input size=\"40\" maxlength=\"400\" class=\"wpcf7-form-control wpcf7-text wpcf7-validates-as-required\" aria-required=\"true\" aria-invalid=\"false\" value=\"\" type=\"text\" name=\"your-telefonnummer\" \/><\/span> <\/label>\n<\/p>\n<p><label> E-post \/ Correo electr\u00f3nico<br \/>\n<span class=\"wpcf7-form-control-wrap\" data-name=\"your-email\"><input size=\"40\" maxlength=\"400\" class=\"wpcf7-form-control wpcf7-email wpcf7-validates-as-required wpcf7-text wpcf7-validates-as-email\" aria-required=\"true\" aria-invalid=\"false\" value=\"\" type=\"email\" name=\"your-email\" \/><\/span> <\/label>\n<\/p>\n<p><label> Adress, postnummer och ort \/ Direcci\u00f3n, c\u00f3digo postal y Ciudad.<br \/>\n<span class=\"wpcf7-form-control-wrap\" data-name=\"your-city\"><input size=\"40\" maxlength=\"400\" class=\"wpcf7-form-control wpcf7-text wpcf7-validates-as-required\" aria-required=\"true\" aria-invalid=\"false\" value=\"\" type=\"text\" name=\"your-city\" \/><\/span> <\/label>\n<\/p>\n<p><label> Betalningsbevis max 1mb \/ Comprobante de pago 1mb m\u00e1ximo<br \/>\n<span class=\"wpcf7-form-control-wrap\" data-name=\"recibo\"><input size=\"40\" class=\"wpcf7-form-control wpcf7-file\" accept=\".pdf,image\/*\" aria-invalid=\"false\" type=\"file\" name=\"recibo\" \/><\/span> <\/label>\n<\/p>\n\n<p><input class=\"wpcf7-form-control wpcf7-submit has-spinner\" type=\"submit\" value=\"Skicka \/ Enviar\" \/>\n<\/p><p style=\"display: none !important;\" class=\"akismet-fields-container\" data-prefix=\"_wpcf7_ak_\"><label>&#916;<textarea name=\"_wpcf7_ak_hp_textarea\" cols=\"45\" rows=\"8\" maxlength=\"100\"><\/textarea><\/label><input type=\"hidden\" id=\"ak_js_1\" name=\"_wpcf7_ak_js\" value=\"144\"\/><script>document.getElementById( \"ak_js_1\" ).setAttribute( \"value\", ( new Date() ).getTime() );<\/script><\/p><div class=\"wpcf7-response-output\" aria-hidden=\"true\"><\/div>\n<input type=\"hidden\" name=\"trp-form-language\" value=\"sv\"\/><\/form>\n<\/div>\n<\/code><\/p>\n<\/div>\n<\/div>\n<\/div><\/div>\n\n\n\n<div class=\"wp-block-uagb-container uagb-block-3910331a alignfull uagb-is-root-container\"><div class=\"uagb-container-inner-blocks-wrap\">\n<div class=\"wp-block-uagb-call-to-action uagb-block-a7e0f6aa wp-block-button\"><div class=\"uagb-cta__wrap\"><h2 class=\"uagb-cta__title\">Har du n\u00e5gra fr\u00e5gor?<\/h2><p class=\"uagb-cta__desc\">Vi \u00e4r \u00f6ppna f\u00f6r att prata om allt vi kan hj\u00e4lpa till med.<\/p><\/div><div class=\"uagb-cta__buttons\"><a href=\"#\" class=\"uagb-cta__button-link-wrapper wp-block-button__link\" target=\"_self\" rel=\"noopener noreferrer\">KOM I KONTAKT MED OSS<\/a><\/div><\/div>\n<\/div><\/div>","protected":false},"excerpt":{"rendered":"<p>Membresia Cuota Anual (2026) Por adulto (desde los 18 a\u00f1os)&nbsp; Por&nbsp;ni\u00f1o (desde los 6 a 17 a\u00f1os) ** Los fondos de la asociaci\u00f3n son usados para comprar insumos para las actividades planeadas a lo largo del a\u00f1o 200kr 100kr Politicas de Pago *Estas politicas entran en validez a partir del a\u00f1o 2025&nbsp; Bor\u00e5s Hispanoamericana Org.nr: [&hellip;]<\/p>","protected":false},"author":1,"featured_media":0,"parent":0,"menu_order":0,"comment_status":"closed","ping_status":"closed","template":"","meta":{"_uag_custom_page_level_css":"","_monsterinsights_skip_tracking":false,"_monsterinsights_sitenote_active":false,"_monsterinsights_sitenote_note":"","_monsterinsights_sitenote_category":0,"site-sidebar-layout":"default","site-content-layout":"","ast-site-content-layout":"default","site-content-style":"default","site-sidebar-style":"default","ast-global-header-display":"","ast-banner-title-visibility":"","ast-main-header-display":"","ast-hfb-above-header-display":"","ast-hfb-below-header-display":"","ast-hfb-mobile-header-display":"","site-post-title":"disabled","ast-breadcrumbs-content":"","ast-featured-img":"","footer-sml-layout":"","ast-disable-related-posts":"","theme-transparent-header-meta":"enabled","adv-header-id-meta":"","stick-header-meta":"","header-above-stick-meta":"","header-main-stick-meta":"","header-below-stick-meta":"","astra-migrate-meta-layouts":"set","ast-page-background-enabled":"default","ast-page-background-meta":{"desktop":{"background-color":"var(--ast-global-color-4)","background-image":"","background-repeat":"repeat","background-position":"center center","background-size":"auto","background-attachment":"scroll","background-type":"","background-media":"","overlay-type":"","overlay-color":"","overlay-opacity":"","overlay-gradient":""},"tablet":{"background-color":"","background-image":"","background-repeat":"repeat","background-position":"center center","background-size":"auto","background-attachment":"scroll","background-type":"","background-media":"","overlay-type":"","overlay-color":"","overlay-opacity":"","overlay-gradient":""},"mobile":{"background-color":"","background-image":"","background-repeat":"repeat","background-position":"center center","background-size":"auto","background-attachment":"scroll","background-type":"","background-media":"","overlay-type":"","overlay-color":"","overlay-opacity":"","overlay-gradient":""}},"ast-content-background-meta":{"desktop":{"background-color":"var(--ast-global-color-5)","background-image":"","background-repeat":"repeat","background-position":"center center","background-size":"auto","background-attachment":"scroll","background-type":"","background-media":"","overlay-type":"","overlay-color":"","overlay-opacity":"","overlay-gradient":""},"tablet":{"background-color":"var(--ast-global-color-5)","background-image":"","background-repeat":"repeat","background-position":"center center","background-size":"auto","background-attachment":"scroll","background-type":"","background-media":"","overlay-type":"","overlay-color":"","overlay-opacity":"","overlay-gradient":""},"mobile":{"background-color":"var(--ast-global-color-5)","background-image":"","background-repeat":"repeat","background-position":"center center","background-size":"auto","background-attachment":"scroll","background-type":"","background-media":"","overlay-type":"","overlay-color":"","overlay-opacity":"","overlay-gradient":""}},"footnotes":""},"class_list":["post-107","page","type-page","status-publish","hentry"],"aioseo_notices":[],"uagb_featured_image_src":{"full":false,"thumbnail":false,"medium":false,"medium_large":false,"large":false,"1536x1536":false,"2048x2048":false,"trp-custom-language-flag":false},"uagb_author_info":{"display_name":"leobetancourtt@gmail.com","author_link":"https:\/\/borashispanoamerica.se\/sv\/author\/leobetancourttgmail-com\/"},"uagb_comment_info":0,"uagb_excerpt":"Membresia Cuota Anual (2026) Por adulto (desde los 18 a\u00f1os)&nbsp; Por&nbsp;ni\u00f1o (desde los 6 a 17 a\u00f1os) ** Los fondos de la asociaci\u00f3n son usados para comprar insumos para las actividades planeadas a lo largo del a\u00f1o 200kr 100kr Politicas de Pago *Estas politicas entran en validez a partir del a\u00f1o 2025&nbsp; Bor\u00e5s Hispanoamericana Org.nr:&hellip;","_links":{"self":[{"href":"https:\/\/borashispanoamerica.se\/sv\/wp-json\/wp\/v2\/pages\/107","targetHints":{"allow":["GET"]}}],"collection":[{"href":"https:\/\/borashispanoamerica.se\/sv\/wp-json\/wp\/v2\/pages"}],"about":[{"href":"https:\/\/borashispanoamerica.se\/sv\/wp-json\/wp\/v2\/types\/page"}],"author":[{"embeddable":true,"href":"https:\/\/borashispanoamerica.se\/sv\/wp-json\/wp\/v2\/users\/1"}],"replies":[{"embeddable":true,"href":"https:\/\/borashispanoamerica.se\/sv\/wp-json\/wp\/v2\/comments?post=107"}],"version-history":[{"count":18,"href":"https:\/\/borashispanoamerica.se\/sv\/wp-json\/wp\/v2\/pages\/107\/revisions"}],"predecessor-version":[{"id":980,"href":"https:\/\/borashispanoamerica.se\/sv\/wp-json\/wp\/v2\/pages\/107\/revisions\/980"}],"wp:attachment":[{"href":"https:\/\/borashispanoamerica.se\/sv\/wp-json\/wp\/v2\/media?parent=107"}],"curies":[{"name":"wp","href":"https:\/\/api.w.org\/{rel}","templated":true}]}}