{"id":78,"date":"2024-12-26T10:29:04","date_gmt":"2024-12-26T10:29:04","guid":{"rendered":"http:\/\/borashispanoamerica.se\/home\/"},"modified":"2025-08-11T04:35:00","modified_gmt":"2025-08-11T04:35:00","slug":"home","status":"publish","type":"page","link":"https:\/\/borashispanoamerica.se\/sv\/","title":{"rendered":"Hem"},"content":{"rendered":"<div class=\"wp-block-uagb-container uagb-block-344bf4c5 alignfull uagb-is-root-container\"><div class=\"uagb-container-inner-blocks-wrap\">\n<div class=\"wp-block-uagb-info-box uagb-block-c5e26958 uagb-infobox__content-wrap  uagb-infobox-icon-above-title uagb-infobox-image-valign-top wp-block-uagb-info-box--has-margin\"><div class=\"uagb-infobox-margin-wrapper\"><div class=\"uagb-ifb-content\"><div class=\"uagb-ifb-title-wrap\"><h1 class=\"uagb-ifb-title-prefix\">Bor\u00e5s Hipanoamericana<\/h1><h2 class=\"uagb-ifb-title\">F\u00d6RENING<\/h2><\/div><\/div><\/div><\/div>\n<\/div><\/div>\n\n\n\n<div class=\"wp-block-columns is-layout-flex wp-container-core-columns-is-layout-28f84493 wp-block-columns-is-layout-flex\">\n<div class=\"wp-block-column is-layout-flow wp-block-column-is-layout-flow\" style=\"flex-basis:100%\">\n<div class=\"wp-block-uagb-info-box uagb-block-bfde9e54 uagb-infobox__content-wrap  uagb-infobox-icon-above-title uagb-infobox-image-valign-top\"><div class=\"uagb-ifb-content\"><div class=\"uagb-ifb-title-wrap\"><h4 class=\"uagb-ifb-title\">V\u00e4lkomstmeddelande<\/h4><\/div><p class=\"uagb-ifb-desc\">Bienvenidos a la Asociaci\u00f3n Hispanoamericana de Bor\u00e5s. Esta asociaci\u00f3n fue fundada el 9 de abril de 2017, con el objetivo de unir a las familias hispanas y crear espacios donde se pueda practicar nuestro idioma, cultura y tradiciones. La Asociaci\u00f3n desea apoyar y motivar a sus miembros a participar en diversas actividades sociales y culturales, as\u00ed como tambi\u00e9n promover la integraci\u00f3n entre hispanos y otros grupos \u00e9tnicos que deseen formar parte de la Asociaci\u00f3n. Creemos que una buena vida social y un lugar de encuentro donde el idioma no sea un impedimento aumenta la calidad de vida.<br>Entre nosotros pueden encontrar personas de Chile, Per\u00fa, Colombia, Espa\u00f1a, Uruguay, Nicaragua, Venezuela, M\u00e9xico, Brasil, Rep\u00fablica Dominicana, Serbia y Suecia. Nuestra finalidad es poder recibir m\u00e1s socios de diferentes pa\u00edses para un \u00fanico fin, un lugar de encuentro multicultural.<br>Todo el trabajo que se realiza en la asociaci\u00f3n es voluntario. \u00bfDeseas ser un socio, participar o apoyar a la asociaci\u00f3n? \u00a1Eres bienvenido! \u00a1Cont\u00e1ctanos para m\u00e1s informaci\u00f3n!<\/p><\/div><\/div>\n<\/div>\n<\/div>\n\n\n\n<div class=\"wp-block-uagb-container uagb-block-3910331a alignfull uagb-is-root-container\"><div class=\"uagb-container-inner-blocks-wrap\">\n<div class=\"wp-block-uagb-call-to-action uagb-block-a7e0f6aa wp-block-button\"><div class=\"uagb-cta__wrap\"><h2 class=\"uagb-cta__title\">Har du n\u00e5gra fr\u00e5gor?<\/h2><p class=\"uagb-cta__desc\">Vi \u00e4r \u00f6ppna f\u00f6r att prata om allt vi kan hj\u00e4lpa till med.<\/p><\/div><div class=\"uagb-cta__buttons\"><a href=\"#\" class=\"uagb-cta__button-link-wrapper wp-block-button__link\" target=\"_self\" rel=\"noopener noreferrer\">KOM I KONTAKT MED OSS<\/a><\/div><\/div>\n<\/div><\/div>","protected":false},"excerpt":{"rendered":"","protected":false},"author":1,"featured_media":0,"parent":0,"menu_order":0,"comment_status":"closed","ping_status":"closed","template":"","meta":{"_uag_custom_page_level_css":"","_monsterinsights_skip_tracking":false,"_monsterinsights_sitenote_active":false,"_monsterinsights_sitenote_note":"","_monsterinsights_sitenote_category":0,"site-sidebar-layout":"default","site-content-layout":"page-builder","ast-site-content-layout":"normal-width-container","site-content-style":"unboxed","site-sidebar-style":"unboxed","ast-global-header-display":"","ast-banner-title-visibility":"","ast-main-header-display":"","ast-hfb-above-header-display":"","ast-hfb-below-header-display":"","ast-hfb-mobile-header-display":"","site-post-title":"disabled","ast-breadcrumbs-content":"","ast-featured-img":"","footer-sml-layout":"","ast-disable-related-posts":"","theme-transparent-header-meta":"enabled","adv-header-id-meta":"","stick-header-meta":"","header-above-stick-meta":"","header-main-stick-meta":"","header-below-stick-meta":"","astra-migrate-meta-layouts":"set","ast-page-background-enabled":"default","ast-page-background-meta":{"desktop":{"background-color":"var(--ast-global-color-4)","background-image":"","background-repeat":"repeat","background-position":"center center","background-size":"auto","background-attachment":"scroll","background-type":"","background-media":"","overlay-type":"","overlay-color":"","overlay-opacity":"","overlay-gradient":""},"tablet":{"background-color":"","background-image":"","background-repeat":"repeat","background-position":"center center","background-size":"auto","background-attachment":"scroll","background-type":"","background-media":"","overlay-type":"","overlay-color":"","overlay-opacity":"","overlay-gradient":""},"mobile":{"background-color":"","background-image":"","background-repeat":"repeat","background-position":"center center","background-size":"auto","background-attachment":"scroll","background-type":"","background-media":"","overlay-type":"","overlay-color":"","overlay-opacity":"","overlay-gradient":""}},"ast-content-background-meta":{"desktop":{"background-color":"var(--ast-global-color-5)","background-image":"","background-repeat":"repeat","background-position":"center center","background-size":"auto","background-attachment":"scroll","background-type":"","background-media":"","overlay-type":"","overlay-color":"","overlay-opacity":"","overlay-gradient":""},"tablet":{"background-color":"var(--ast-global-color-5)","background-image":"","background-repeat":"repeat","background-position":"center center","background-size":"auto","background-attachment":"scroll","background-type":"","background-media":"","overlay-type":"","overlay-color":"","overlay-opacity":"","overlay-gradient":""},"mobile":{"background-color":"var(--ast-global-color-5)","background-image":"","background-repeat":"repeat","background-position":"center center","background-size":"auto","background-attachment":"scroll","background-type":"","background-media":"","overlay-type":"","overlay-color":"","overlay-opacity":"","overlay-gradient":""}},"footnotes":""},"class_list":["post-78","page","type-page","status-publish","hentry"],"aioseo_notices":[],"uagb_featured_image_src":{"full":false,"thumbnail":false,"medium":false,"medium_large":false,"large":false,"1536x1536":false,"2048x2048":false,"trp-custom-language-flag":false},"uagb_author_info":{"display_name":"leobetancourtt@gmail.com","author_link":"https:\/\/borashispanoamerica.se\/sv\/author\/leobetancourttgmail-com\/"},"uagb_comment_info":0,"uagb_excerpt":null,"_links":{"self":[{"href":"https:\/\/borashispanoamerica.se\/sv\/wp-json\/wp\/v2\/pages\/78","targetHints":{"allow":["GET"]}}],"collection":[{"href":"https:\/\/borashispanoamerica.se\/sv\/wp-json\/wp\/v2\/pages"}],"about":[{"href":"https:\/\/borashispanoamerica.se\/sv\/wp-json\/wp\/v2\/types\/page"}],"author":[{"embeddable":true,"href":"https:\/\/borashispanoamerica.se\/sv\/wp-json\/wp\/v2\/users\/1"}],"replies":[{"embeddable":true,"href":"https:\/\/borashispanoamerica.se\/sv\/wp-json\/wp\/v2\/comments?post=78"}],"version-history":[{"count":17,"href":"https:\/\/borashispanoamerica.se\/sv\/wp-json\/wp\/v2\/pages\/78\/revisions"}],"predecessor-version":[{"id":971,"href":"https:\/\/borashispanoamerica.se\/sv\/wp-json\/wp\/v2\/pages\/78\/revisions\/971"}],"wp:attachment":[{"href":"https:\/\/borashispanoamerica.se\/sv\/wp-json\/wp\/v2\/media?parent=78"}],"curies":[{"name":"wp","href":"https:\/\/api.w.org\/{rel}","templated":true}]}}