{"id":916,"date":"2025-01-07T13:13:37","date_gmt":"2025-01-07T13:13:37","guid":{"rendered":"https:\/\/borashispanoamerica.se\/?page_id=916"},"modified":"2025-01-07T14:24:27","modified_gmt":"2025-01-07T14:24:27","slug":"estatutos","status":"publish","type":"page","link":"https:\/\/borashispanoamerica.se\/sv\/estatutos\/","title":{"rendered":"Stadgar"},"content":{"rendered":"<h1 class=\"wp-block-heading\"><strong>Stadgar<\/strong><\/h1>\n\n\n\n<p>Stadgar f\u00f6r Bor\u00e5s Hispanoamericana f\u00f6rening.<\/p>\n\n\n\n<p>S\u00e4te: Bor\u00e5s, Bor\u00e5s stad<\/p>\n\n\n\n<p>Bildat 2017-04-09<\/p>\n\n\n\n<p><strong><em>\u00a7 1 Syfte<\/em><\/strong><\/p>\n\n\n\n<p>F\u00f6reningens grundl\u00e4ggande syfte \u00e4r att st\u00f6dja och motivera medlemmar att engagera sig inom olika sociala och kulturella aktiviteter samt fr\u00e4mja integration i det svenska samh\u00e4llet.<\/p>\n\n\n\n<p>Det \u00e4r en ideell f\u00f6rening och icke vinstdrivande.<\/p>\n\n\n\n<p><strong><em>\u00a7 2 \u00c4ndam\u00e5l<\/em><\/strong><\/p>\n\n\n\n<p>\u00d8 Skapa kontakter bland de spansktalande samt f\u00f6rst\u00e4rka den sociala interaktionen mellan olika etniska grupper.<\/p>\n\n\n\n<p>\u00d8 Framf\u00f6ra och l\u00f6sa \u00e4mnen som r\u00f6r v\u00e5ra medlemmar.<\/p>\n\n\n\n<p>\u00d8 Att anv\u00e4nda sig av de olika kulturerna bland spansktalande och l\u00e4ra in fr\u00e5n varandras traditioner.<\/p>\n\n\n\n<p>\u00d8 Att praktisera de olika spansktalande kulturerna och l\u00e4ra sig av varandras traditioner.<\/p>\n\n\n\n<p>\u00d8 Att bevara och utveckla modersm\u00e5let bland v\u00e5ra medlemmar och deras barn, samt barn i blandade \u00e4ktenskap som vill l\u00e4ra sig spanska och knyta an till spansktalande kulturella traditioner.<\/p>\n\n\n\n<p>\u00d8 Skapa meningsfulla fritidsaktiviteter.<\/p>\n\n\n\n<p><strong><em>\u00a7 3 Politik och religion<\/em><\/strong><\/p>\n\n\n\n<p>F\u00f6r att undvika eventuella kr\u00e4nkningar av enskilda grupper \u00e4r ideologier, oavsett om de \u00e4r politiska eller religi\u00f6sa, f\u00f6rbjudna i f\u00f6reningen. Detta g\u00e4ller alla kanaler med h\u00e4nvisning till f\u00f6reningen, t.ex. interna, externa eller sociala medier.<\/p>\n\n\n\n<p><strong><em>\u00a7 4 Verksamhets\u00e5r<\/em><\/strong><\/p>\n\n\n\n<p>F\u00f6reningens r\u00e4kenskaps\u00e5r.<\/p>\n\n\n\n<p>\u00d8 1 januari - 31 december<\/p>\n\n\n\n<p><strong><em>\u00a7 5 Medlemmar<\/em><\/strong><\/p>\n\n\n\n<p>Alla personer s\u00e5v\u00e4l fysiska som juridiska som godk\u00e4nner stadgar och f\u00f6reningens syfte \u00e4ger r\u00e4tt till medlemskap. Betalande medlemmar \u00e4ger r\u00f6str\u00e4tt vid \u00e5rs- allm\u00e4nna och extraordin\u00e4ra m\u00f6ten kallade av styrelsen<\/p>\n\n\n\n<p>Som medlem kan man uteslutas om man:<\/p>\n\n\n\n<p>a) L\u00e5ter bli att betala medlemsavgiften.<\/p>\n\n\n\n<p>b) Inte respekterar f\u00f6reningens stadgar,<\/p>\n\n\n\n<p>c) F\u00f6rol\u00e4mpar, hotar, diskriminerar eller bringar andra medlemmar fysiskt eller psykiskt vid f\u00f6reningens lokaler.<\/p>\n\n\n\n<p>d) Skadar f\u00f6reningens egendom.<\/p>\n\n\n\n<p>Styrelsen avg\u00f6r om uteslutning. Medlemmar har r\u00e4tt att \u00f6verklaga vid \u00e5rsm\u00f6te d\u00e4r slutgiltigt beslut fattas.<\/p>\n\n\n\n<p><strong><em>\u00a7 8 Uttr\u00e4dde<\/em><\/strong><\/p>\n\n\n\n<p>Medlem som vill uttr\u00e4da ur f\u00f6reningen skall skriftligen anm\u00e4la detta till styrelsen och anses d\u00e4rmed omedelbart ha l\u00e4mnat f\u00f6reningen.<\/p>\n\n\n\n<p>Eventuell erlagd \u00e5rsavgift \u00e5terbetalas inte, oavsett tidpunkt f\u00f6r uttr\u00e4det.<\/p>\n\n\n\n<p><strong><em>\u00a7 7 \u00c5rsm\u00f6tet<\/em><\/strong><\/p>\n\n\n\n<p>\u00c5rsm\u00f6tet, som \u00e4r f\u00f6reningen h\u00f6gsta beslutande organ, h\u00e5lls \u00e5rligen f\u00f6re aprils utg\u00e5ng varje \u00e5r. Styrelsen beslutar om tid och plats. F\u00f6r att m\u00f6tet ska vara beh\u00f6rigt m\u00e5ste medlemmar meddelas minst tv\u00e5 veckor i f\u00f6rv\u00e4g. F\u00f6ljande \u00e4rende ska alltid behandlas p\u00e5 ordinarie \u00e5rsm\u00f6te:<\/p>\n\n\n\n<p>1) M\u00f6tets \u00f6ppnande<\/p>\n\n\n\n<p>2) Val av m\u00f6tesordf\u00f6rande, sekreterare och justeringsman<\/p>\n\n\n\n<p>3) M\u00f6tets beh\u00f6righet<\/p>\n\n\n\n<p>(Ber\u00e4tta hur kallelsen till m\u00f6tet har g\u00e5tt till och vad som st\u00e5r i stadgar, m\u00f6tet beslutar om beh\u00f6righet och namn)<\/p>\n\n\n\n<p>4) Fastst\u00e4llande av dagordningen<\/p>\n\n\n\n<p>5) Verksamhetsber\u00e4ttelse<\/p>\n\n\n\n<p>6) Revisionsber\u00e4ttelse<\/p>\n\n\n\n<p>7) Fr\u00e5gan om ansvarsfrihet f\u00f6r styrelsen<\/p>\n\n\n\n<p>8) Val av ny styrelse f\u00f6r tolv m\u00e5naders period. D\u00e4rav ska det v\u00e4ljas ordf\u00f6rande, sekreterare, kass\u00f6r, ledamot och revisorer.<\/p>\n\n\n\n<p>11) \u00d6vriga fr\u00e5gor<\/p>\n\n\n\n<p>10) \u00c5rets verksamhetsplan<\/p>\n\n\n\n<p>11) \u00d6vriga fr\u00e5gor<\/p>\n\n\n\n<p>12) M\u00f6tets avslutning<\/p>\n\n\n\n<p><strong><em>\u00a7 9 Styrelse och dess verksamhet<\/em><\/strong><\/p>\n\n\n\n<p>Styrelse best\u00e5r av fem personer, d\u00e4rav:<\/p>\n\n\n\n<p>\u00d8 Ordf\u00f6rande<\/p>\n\n\n\n<p>\u00d8 Sekreterare<\/p>\n\n\n\n<p>\u00d8 Kass\u00f6r<\/p>\n\n\n\n<p>\u00d8 Tv\u00e5 ledam\u00f6ter<\/p>\n\n\n\n<p>F\u00f6reningens styrelse v\u00e4ljs p\u00e5 \u00e5rsm\u00f6tet f\u00f6r ett \u00e5r och tilltr\u00e4der direkt efter valet.<\/p>\n\n\n\n<p>Styrelsen ansvarar f\u00f6r att verksamhetsplan fastst\u00e4lls och f\u00f6ljs samt att tillvarata medlemmarnas intressen.<\/p>\n\n\n\n<p>I h\u00e4ndelse av att n\u00e5gon styrelsemedlem inte uppfyller de \u00e5tagande f\u00f6r vad hen blivit vald f\u00f6r, kommer personen att kallas till extra storm\u00f6te f\u00f6r entledigande.<\/p>\n\n\n\n<p><strong><em>\u00a7 10 Revisor<\/em><\/strong><\/p>\n\n\n\n<p>F\u00f6r granskning av f\u00f6reningens r\u00e4kenskaper och f\u00f6rvaltning v\u00e4ljs p\u00e5 \u00e5rsm\u00f6tet tv\u00e5 revisorer.<\/p>\n\n\n\n<p><strong><em>\u00a7 11 Aktivitets kommitt\u00e9<\/em><\/strong><\/p>\n\n\n\n<p>Aktivitets kommitt\u00e9 utg\u00f6rs av tv\u00e5 till fem personer. Kommitt\u00e9n har f\u00f6r uppgift utf\u00f6rande av inplanerade aktiviteter, med st\u00f6d av styrelse.<\/p>\n\n\n\n<p><strong><em>\u00a7 12 Firmatecknare<\/em><\/strong><\/p>\n\n\n\n<p>F\u00f6reningens firmatecknare v\u00e4ljs av styrelsen dock minst tv\u00e5 personer.<\/p>\n\n\n\n<p><strong><em>\u00a7 13 Stadge\u00e4ndring<\/em><\/strong><\/p>\n\n\n\n<p>Dessa stadgar kan endast bli \u00e4ndrade vid \u00e5rsm\u00f6ten. \u00c4ndringar blir giltiga endast vid \u00e5rsm\u00f6tets omr\u00f6stning med tv\u00e5 tredjedelar av de n\u00e4rvarande medlemmarna vid m\u00f6tet. Vid behov av r\u00e4ttelse b\u00f6r f\u00f6rslaget meddelas medlemmarna genom m\u00f6teskallelse.<\/p>\n\n\n\n<p><strong><em>\u00a7 14 Uppl\u00f6sning av f\u00f6reningen<\/em><\/strong><\/p>\n\n\n\n<p>Om f\u00f6reningen v\u00e4ljer att uppl\u00f6sa sin verksamhet, ska detta ske efter \u00f6verenskommelse med tv\u00e5 tredjedelar av medlemmarna som n\u00e4rvarar vid extra m\u00f6te som ska ha kallats av styrelsen.<\/p>\n\n\n\n<p>Alla medlemmarna ska ha underr\u00e4ttats i f\u00f6rv\u00e4g.\nI fall av uppl\u00f6sning b\u00f6r f\u00f6reningen betala sina skulder samt besluta samst\u00e4mmighet hur kapital och f\u00f6rv\u00e4rvade resurser ska disponeras.<\/p>","protected":false},"excerpt":{"rendered":"<p>Estatutos Estatutos de la asociaci\u00f3n Bor\u00e5s Hispanoamericana. Ubicaci\u00f3n: Bor\u00e5s, ciudad de Bor\u00e5s Fundada 2017-04-09 \u00a7 1 Prop\u00f3sito Prop\u00f3sitos b\u00e1sicos de la asociaci\u00f3n es apoyar y motivar a sus miembros a participar en diversas actividades sociales, culturales y promover la integraci\u00f3n a la sociedad sueca. Es una asociaci\u00f3n sin fines de lucro. \u00a7 2 Metas \u00d8 [&hellip;]<\/p>","protected":false},"author":1,"featured_media":0,"parent":0,"menu_order":0,"comment_status":"closed","ping_status":"closed","template":"","meta":{"_uag_custom_page_level_css":"","_monsterinsights_skip_tracking":false,"_monsterinsights_sitenote_active":false,"_monsterinsights_sitenote_note":"","_monsterinsights_sitenote_category":0,"site-sidebar-layout":"default","site-content-layout":"","ast-site-content-layout":"default","site-content-style":"default","site-sidebar-style":"default","ast-global-header-display":"","ast-banner-title-visibility":"","ast-main-header-display":"","ast-hfb-above-header-display":"","ast-hfb-below-header-display":"","ast-hfb-mobile-header-display":"","site-post-title":"","ast-breadcrumbs-content":"","ast-featured-img":"","footer-sml-layout":"","ast-disable-related-posts":"","theme-transparent-header-meta":"","adv-header-id-meta":"","stick-header-meta":"","header-above-stick-meta":"","header-main-stick-meta":"","header-below-stick-meta":"","astra-migrate-meta-layouts":"set","ast-page-background-enabled":"default","ast-page-background-meta":{"desktop":{"background-color":"var(--ast-global-color-4)","background-image":"","background-repeat":"repeat","background-position":"center center","background-size":"auto","background-attachment":"scroll","background-type":"","background-media":"","overlay-type":"","overlay-color":"","overlay-opacity":"","overlay-gradient":""},"tablet":{"background-color":"","background-image":"","background-repeat":"repeat","background-position":"center center","background-size":"auto","background-attachment":"scroll","background-type":"","background-media":"","overlay-type":"","overlay-color":"","overlay-opacity":"","overlay-gradient":""},"mobile":{"background-color":"","background-image":"","background-repeat":"repeat","background-position":"center center","background-size":"auto","background-attachment":"scroll","background-type":"","background-media":"","overlay-type":"","overlay-color":"","overlay-opacity":"","overlay-gradient":""}},"ast-content-background-meta":{"desktop":{"background-color":"var(--ast-global-color-5)","background-image":"","background-repeat":"repeat","background-position":"center center","background-size":"auto","background-attachment":"scroll","background-type":"","background-media":"","overlay-type":"","overlay-color":"","overlay-opacity":"","overlay-gradient":""},"tablet":{"background-color":"var(--ast-global-color-5)","background-image":"","background-repeat":"repeat","background-position":"center center","background-size":"auto","background-attachment":"scroll","background-type":"","background-media":"","overlay-type":"","overlay-color":"","overlay-opacity":"","overlay-gradient":""},"mobile":{"background-color":"var(--ast-global-color-5)","background-image":"","background-repeat":"repeat","background-position":"center center","background-size":"auto","background-attachment":"scroll","background-type":"","background-media":"","overlay-type":"","overlay-color":"","overlay-opacity":"","overlay-gradient":""}},"footnotes":""},"class_list":["post-916","page","type-page","status-publish","hentry"],"aioseo_notices":[],"uagb_featured_image_src":{"full":false,"thumbnail":false,"medium":false,"medium_large":false,"large":false,"1536x1536":false,"2048x2048":false,"trp-custom-language-flag":false},"uagb_author_info":{"display_name":"leobetancourtt@gmail.com","author_link":"https:\/\/borashispanoamerica.se\/sv\/author\/leobetancourttgmail-com\/"},"uagb_comment_info":0,"uagb_excerpt":"Estatutos Estatutos de la asociaci\u00f3n Bor\u00e5s Hispanoamericana. Ubicaci\u00f3n: Bor\u00e5s, ciudad de Bor\u00e5s Fundada 2017-04-09 \u00a7 1 Prop\u00f3sito Prop\u00f3sitos b\u00e1sicos de la asociaci\u00f3n es apoyar y motivar a sus miembros a participar en diversas actividades sociales, culturales y promover la integraci\u00f3n a la sociedad sueca. Es una asociaci\u00f3n sin fines de lucro. \u00a7 2 Metas \u00d8&hellip;","_links":{"self":[{"href":"https:\/\/borashispanoamerica.se\/sv\/wp-json\/wp\/v2\/pages\/916","targetHints":{"allow":["GET"]}}],"collection":[{"href":"https:\/\/borashispanoamerica.se\/sv\/wp-json\/wp\/v2\/pages"}],"about":[{"href":"https:\/\/borashispanoamerica.se\/sv\/wp-json\/wp\/v2\/types\/page"}],"author":[{"embeddable":true,"href":"https:\/\/borashispanoamerica.se\/sv\/wp-json\/wp\/v2\/users\/1"}],"replies":[{"embeddable":true,"href":"https:\/\/borashispanoamerica.se\/sv\/wp-json\/wp\/v2\/comments?post=916"}],"version-history":[{"count":1,"href":"https:\/\/borashispanoamerica.se\/sv\/wp-json\/wp\/v2\/pages\/916\/revisions"}],"predecessor-version":[{"id":917,"href":"https:\/\/borashispanoamerica.se\/sv\/wp-json\/wp\/v2\/pages\/916\/revisions\/917"}],"wp:attachment":[{"href":"https:\/\/borashispanoamerica.se\/sv\/wp-json\/wp\/v2\/media?parent=916"}],"curies":[{"name":"wp","href":"https:\/\/api.w.org\/{rel}","templated":true}]}}